{"id":139,"date":"2023-11-18T21:43:08","date_gmt":"2023-11-18T21:43:08","guid":{"rendered":"https:\/\/web8.infopaginaswebhost.com\/cortinasjfpr\/?page_id=139"},"modified":"2025-11-25T16:12:41","modified_gmt":"2025-11-25T16:12:41","slug":"products","status":"publish","type":"page","link":"https:\/\/cortinasjfpr.com\/en\/products\/","title":{"rendered":"Products"},"content":{"rendered":"<div data-elementor-type=\"wp-page\" data-elementor-id=\"139\" class=\"elementor elementor-139\" data-elementor-settings=\"{&quot;ha_cmc_init_switcher&quot;:&quot;no&quot;}\">\n\t\t\t\t<div class=\"elementor-element elementor-element-6c2dfed e-con-full e-flex e-con e-parent\" data-id=\"6c2dfed\" data-element_type=\"container\" data-settings=\"{&quot;background_background&quot;:&quot;classic&quot;,&quot;jet_parallax_layout_list&quot;:[],&quot;_ha_eqh_enable&quot;:false}\">\n\t\t<div class=\"elementor-element elementor-element-f0f8816 e-con-full e-flex e-con e-child\" data-id=\"f0f8816\" data-element_type=\"container\" data-settings=\"{&quot;background_background&quot;:&quot;classic&quot;,&quot;jet_parallax_layout_list&quot;:[],&quot;_ha_eqh_enable&quot;:false}\">\n\t\t\t\t<div class=\"elementor-element elementor-element-2e6e25f elementor-widget elementor-widget-heading\" data-id=\"2e6e25f\" data-element_type=\"widget\" data-widget_type=\"heading.default\">\n\t\t\t\t<div class=\"elementor-widget-container\">\n\t\t\t\t\t<h1 class=\"elementor-heading-title elementor-size-default\">Let just the right amount of light in.<\/h1>\t\t\t\t<\/div>\n\t\t\t\t<\/div>\n\t\t\t\t<div class=\"elementor-element elementor-element-680339e elementor-widget elementor-widget-heading\" data-id=\"680339e\" data-element_type=\"widget\" data-widget_type=\"heading.default\">\n\t\t\t\t<div class=\"elementor-widget-container\">\n\t\t\t\t\t<h2 class=\"elementor-heading-title elementor-size-default\">We have black out curtains to block the sun's rays.<\/h2>\t\t\t\t<\/div>\n\t\t\t\t<\/div>\n\t\t\t\t<div class=\"elementor-element elementor-element-28bc3c8 premium-lq__none elementor-widget elementor-widget-premium-addon-button\" data-id=\"28bc3c8\" data-element_type=\"widget\" data-widget_type=\"premium-addon-button.default\">\n\t\t\t\t<div class=\"elementor-widget-container\">\n\t\t\t\t\t\n\n\t\t<a class=\"premium-button premium-button-none premium-btn-lg premium-button-none\" href=\"tel:+1-787-943-7266\" target=\"_blank\">\n\t\t\t<div class=\"premium-button-text-icon-wrapper\">\n\t\t\t\t\n\t\t\t\t\t\t\t\t\t<span >\n\t\t\t\t\t\tGet a personalized quote\t\t\t\t\t<\/span>\n\t\t\t\t\t\t\t<\/div>\n\n\t\t\t\n\t\t\t\n\t\t\t\n\t\t<\/a>\n\n\n\t\t\t\t\t\t<\/div>\n\t\t\t\t<\/div>\n\t\t\t\t<\/div>\n\t\t<div class=\"elementor-element elementor-element-bbfe2cc e-con-full elementor-hidden-mobile e-flex e-con e-child\" data-id=\"bbfe2cc\" data-element_type=\"container\" data-settings=\"{&quot;background_background&quot;:&quot;classic&quot;,&quot;jet_parallax_layout_list&quot;:[],&quot;_ha_eqh_enable&quot;:false}\">\n\t\t\t\t<\/div>\n\t\t\t\t<\/div>\n\t\t<div class=\"elementor-element elementor-element-d8d3d5b elementor-hidden-desktop elementor-hidden-tablet elementor-hidden-mobile e-flex e-con-boxed e-con e-parent\" data-id=\"d8d3d5b\" data-element_type=\"container\" data-settings=\"{&quot;jet_parallax_layout_list&quot;:[],&quot;_ha_eqh_enable&quot;:false}\">\n\t\t\t\t\t<div class=\"e-con-inner\">\n\t\t\t\t<div class=\"elementor-element elementor-element-5c8ef05 elementor-widget elementor-widget-heading\" data-id=\"5c8ef05\" data-element_type=\"widget\" data-widget_type=\"heading.default\">\n\t\t\t\t<div class=\"elementor-widget-container\">\n\t\t\t\t\t<h2 class=\"elementor-heading-title elementor-size-default\">\nBalance the sunlight that enters your home<\/h2>\t\t\t\t<\/div>\n\t\t\t\t<\/div>\n\t\t<div class=\"elementor-element elementor-element-e893905 e-flex e-con-boxed e-con e-child\" data-id=\"e893905\" data-element_type=\"container\" data-settings=\"{&quot;jet_parallax_layout_list&quot;:[],&quot;_ha_eqh_enable&quot;:false}\">\n\t\t\t\t\t<div class=\"e-con-inner\">\n\t\t<div class=\"elementor-element elementor-element-471af0d e-flex e-con-boxed e-con e-child\" data-id=\"471af0d\" data-element_type=\"container\" data-settings=\"{&quot;jet_parallax_layout_list&quot;:[],&quot;background_background&quot;:&quot;classic&quot;,&quot;_ha_eqh_enable&quot;:false}\">\n\t\t\t\t\t<div class=\"e-con-inner\">\n\t\t\t\t\t<\/div>\n\t\t\t\t<\/div>\n\t\t<div class=\"elementor-element elementor-element-71ee93c e-flex e-con-boxed e-con e-child\" data-id=\"71ee93c\" data-element_type=\"container\" data-settings=\"{&quot;jet_parallax_layout_list&quot;:[],&quot;background_background&quot;:&quot;classic&quot;,&quot;_ha_eqh_enable&quot;:false}\">\n\t\t\t\t\t<div class=\"e-con-inner\">\n\t\t\t\t\t<\/div>\n\t\t\t\t<\/div>\n\t\t\t\t\t<\/div>\n\t\t\t\t<\/div>\n\t\t\t\t\t<\/div>\n\t\t\t\t<\/div>\n\t\t<div class=\"elementor-element elementor-element-8194d7a elementor-hidden-desktop elementor-hidden-tablet elementor-hidden-mobile e-flex e-con-boxed e-con e-parent\" data-id=\"8194d7a\" data-element_type=\"container\" data-settings=\"{&quot;background_background&quot;:&quot;classic&quot;,&quot;jet_parallax_layout_list&quot;:[],&quot;_ha_eqh_enable&quot;:false}\">\n\t\t\t\t\t<div class=\"e-con-inner\">\n\t\t<div class=\"elementor-element elementor-element-5157838 e-flex e-con-boxed e-con e-child\" data-id=\"5157838\" data-element_type=\"container\" data-settings=\"{&quot;jet_parallax_layout_list&quot;:[],&quot;_ha_eqh_enable&quot;:false}\">\n\t\t\t\t\t<div class=\"e-con-inner\">\n\t\t\t\t<div class=\"elementor-element elementor-element-e296265 elementor-widget elementor-widget-heading\" data-id=\"e296265\" data-element_type=\"widget\" data-widget_type=\"heading.default\">\n\t\t\t\t<div class=\"elementor-widget-container\">\n\t\t\t\t\t<h2 class=\"elementor-heading-title elementor-size-default\">We are a balance between<br> brightness and safety \n<\/h2>\t\t\t\t<\/div>\n\t\t\t\t<\/div>\n\t\t\t\t<div class=\"elementor-element elementor-element-0143f14 elementor-widget elementor-widget-text-editor\" data-id=\"0143f14\" data-element_type=\"widget\" data-widget_type=\"text-editor.default\">\n\t\t\t\t<div class=\"elementor-widget-container\">\n\t\t\t\t\t\t\t\t\t<p>At Cortinas JF, we are committed to preserving your privacy without compromising the brightness your room needs.<\/p><p>We offer both manufacturing and installation services, for the interior of your home or the exterior of your business or establishment.<\/p><p>We are experts in balancing light and providing protection.<\/p>\t\t\t\t\t\t\t\t<\/div>\n\t\t\t\t<\/div>\n\t\t\t\t\t<\/div>\n\t\t\t\t<\/div>\n\t\t\t\t\t<\/div>\n\t\t\t\t<\/div>\n\t\t<div class=\"elementor-element elementor-element-bae411b e-con-full e-flex e-con e-parent\" data-id=\"bae411b\" data-element_type=\"container\" data-settings=\"{&quot;jet_parallax_layout_list&quot;:[],&quot;_ha_eqh_enable&quot;:false}\">\n\t\t<div class=\"elementor-element elementor-element-2488c0b e-con-full e-flex e-con e-child\" data-id=\"2488c0b\" data-element_type=\"container\" data-settings=\"{&quot;background_background&quot;:&quot;classic&quot;,&quot;jet_parallax_layout_list&quot;:[],&quot;_ha_eqh_enable&quot;:false}\">\n\t\t\t\t<\/div>\n\t\t<div class=\"elementor-element elementor-element-57f2519 e-con-full e-flex e-con e-child\" data-id=\"57f2519\" data-element_type=\"container\" data-settings=\"{&quot;jet_parallax_layout_list&quot;:[],&quot;_ha_eqh_enable&quot;:false}\">\n\t\t\t\t<div class=\"elementor-element elementor-element-e36fed8 elementor-widget elementor-widget-heading\" data-id=\"e36fed8\" data-element_type=\"widget\" data-widget_type=\"heading.default\">\n\t\t\t\t<div class=\"elementor-widget-container\">\n\t\t\t\t\t<h2 class=\"elementor-heading-title elementor-size-default\">Indoor curtains\n<\/h2>\t\t\t\t<\/div>\n\t\t\t\t<\/div>\n\t\t\t\t<div class=\"elementor-element elementor-element-bcc2a36 elementor-widget elementor-widget-text-editor\" data-id=\"bcc2a36\" data-element_type=\"widget\" data-widget_type=\"text-editor.default\">\n\t\t\t\t<div class=\"elementor-widget-container\">\n\t\t\t\t\t\t\t\t\t<p class=\"font_7 wixui-rich-text__text\"><span class=\"wixui-rich-text__text\">Ripplefold<\/span><\/p><p class=\"font_7 wixui-rich-text__text\"><span class=\"wixui-rich-text__text\">Black Out<\/span><\/p><p class=\"font_7 wixui-rich-text__text\"><span class=\"wixui-rich-text__text\">Screen<\/span><\/p><p class=\"font_7 wixui-rich-text__text\"><span class=\"wixui-rich-text__text\">Roman Shade<\/span><\/p><p class=\"font_7 wixui-rich-text__text\"><span class=\"wixui-rich-text__text\">French-pleat cortinas<\/span><\/p>\t\t\t\t\t\t\t\t<\/div>\n\t\t\t\t<\/div>\n\t\t\t\t<\/div>\n\t\t<div class=\"elementor-element elementor-element-1d3694d e-con-full e-flex e-con e-child\" data-id=\"1d3694d\" data-element_type=\"container\" data-settings=\"{&quot;background_background&quot;:&quot;classic&quot;,&quot;jet_parallax_layout_list&quot;:[],&quot;_ha_eqh_enable&quot;:false}\">\n\t\t\t\t<\/div>\n\t\t\t\t<\/div>\n\t\t<div class=\"elementor-element elementor-element-59fc9a1 e-flex e-con-boxed e-con e-parent\" data-id=\"59fc9a1\" data-element_type=\"container\" data-settings=\"{&quot;background_background&quot;:&quot;classic&quot;,&quot;jet_parallax_layout_list&quot;:[],&quot;_ha_eqh_enable&quot;:false}\">\n\t\t\t\t\t<div class=\"e-con-inner\">\n\t\t\t\t<div class=\"elementor-element elementor-element-590391a elementor-widget elementor-widget-heading\" data-id=\"590391a\" data-element_type=\"widget\" data-widget_type=\"heading.default\">\n\t\t\t\t<div class=\"elementor-widget-container\">\n\t\t\t\t\t<h2 class=\"elementor-heading-title elementor-size-default\">The key element for<br> realzar la vista de t\u00fa<br>hogar y oficina est\u00e1 aqu\u00ed<\/h2>\t\t\t\t<\/div>\n\t\t\t\t<\/div>\n\t\t\t\t\t<\/div>\n\t\t\t\t<\/div>\n\t\t<div class=\"elementor-element elementor-element-e6fb970 e-con-full e-flex e-con e-parent\" data-id=\"e6fb970\" data-element_type=\"container\" data-settings=\"{&quot;background_background&quot;:&quot;classic&quot;,&quot;jet_parallax_layout_list&quot;:[],&quot;_ha_eqh_enable&quot;:false}\">\n\t\t<div class=\"elementor-element elementor-element-f413533 e-con-full e-flex e-con e-child\" data-id=\"f413533\" data-element_type=\"container\" data-settings=\"{&quot;background_background&quot;:&quot;classic&quot;,&quot;jet_parallax_layout_list&quot;:[],&quot;_ha_eqh_enable&quot;:false}\">\n\t\t\t\t<div class=\"elementor-element elementor-element-1662960 elementor-widget elementor-widget-heading\" data-id=\"1662960\" data-element_type=\"widget\" data-widget_type=\"heading.default\">\n\t\t\t\t<div class=\"elementor-widget-container\">\n\t\t\t\t\t<h2 class=\"elementor-heading-title elementor-size-default\">Outdoor Curtains\n<\/h2>\t\t\t\t<\/div>\n\t\t\t\t<\/div>\n\t\t\t\t<div class=\"elementor-element elementor-element-b82566b elementor-widget elementor-widget-heading\" data-id=\"b82566b\" data-element_type=\"widget\" data-widget_type=\"heading.default\">\n\t\t\t\t<div class=\"elementor-widget-container\">\n\t\t\t\t\t<h2 class=\"elementor-heading-title elementor-size-default\">Retractable awning<br>\n\nZEN Retractable Pergolas \/ Roll-Ups for Exterior<br>\n\nScreen exterior<\/h2>\t\t\t\t<\/div>\n\t\t\t\t<\/div>\n\t\t\t\t<\/div>\n\t\t<div class=\"elementor-element elementor-element-10012ab e-con-full elementor-hidden-mobile e-flex e-con e-child\" data-id=\"10012ab\" data-element_type=\"container\" data-settings=\"{&quot;background_background&quot;:&quot;classic&quot;,&quot;jet_parallax_layout_list&quot;:[],&quot;_ha_eqh_enable&quot;:false}\">\n\t\t\t\t<\/div>\n\t\t\t\t<\/div>\n\t\t\t\t<\/div>","protected":false},"excerpt":{"rendered":"<p>Deja que solo entre la luz necesaria Contamos con cortinas black out para bloquear los rayos de sol Cotizar personalizaci\u00f3n Equilibra la luz del sol que atraviesa tu hogar Somos equilibrio entre luminosidad y seguridad En Cortinas JF estamos comprometidos con preservar tu privacidad sin dejar de lado la luminosidad que tu habitaci\u00f3n necesita. Contamos [&hellip;]<\/p>","protected":false},"author":1,"featured_media":0,"parent":0,"menu_order":0,"comment_status":"closed","ping_status":"closed","template":"elementor_header_footer","meta":{"_joinchat":[],"footnotes":""},"class_list":["post-139","page","type-page","status-publish","hentry"],"yoast_head":"<!-- This site is optimized with the Yoast SEO plugin v26.4 - https:\/\/yoast.com\/wordpress\/plugins\/seo\/ -->\n<title>Cortinas en Puerto Rico - Productos de Interior y Exterior<\/title>\n<meta name=\"description\" content=\"Explora los productos de Cortinas JF en Puerto Rico: cortinas Black Out, Screen, Roman Shade y m\u00e1s. \u00a1Cotiza tu instalaci\u00f3n hoy mismo!\" \/>\n<meta name=\"robots\" content=\"index, follow, max-snippet:-1, max-image-preview:large, max-video-preview:-1\" \/>\n<link rel=\"canonical\" href=\"https:\/\/cortinasjfpr.com\/en\/products\/\" \/>\n<meta property=\"og:locale\" content=\"en_US\" \/>\n<meta property=\"og:type\" content=\"article\" \/>\n<meta property=\"og:title\" content=\"Cortinas en Puerto Rico - Productos de Interior y Exterior\" \/>\n<meta property=\"og:description\" content=\"Explora los productos de Cortinas JF en Puerto Rico: cortinas Black Out, Screen, Roman Shade y m\u00e1s. \u00a1Cotiza tu instalaci\u00f3n hoy mismo!\" \/>\n<meta property=\"og:url\" content=\"https:\/\/cortinasjfpr.com\/en\/products\/\" \/>\n<meta property=\"og:site_name\" content=\"Compa\u00f1\u00eda de cortinas en Puerto Rico | Cortinas JF\" \/>\n<meta property=\"article:modified_time\" content=\"2025-11-25T16:12:41+00:00\" \/>\n<meta property=\"og:image\" content=\"https:\/\/cortinasjfpr.com\/wp-content\/uploads\/2023\/11\/cc5396_fa43dc02e2a948f1bf38ca358f087464mv2-1.png\" \/>\n\t<meta property=\"og:image:width\" content=\"619\" \/>\n\t<meta property=\"og:image:height\" content=\"606\" \/>\n\t<meta property=\"og:image:type\" content=\"image\/png\" \/>\n<meta name=\"twitter:card\" content=\"summary_large_image\" \/>\n<meta name=\"twitter:title\" content=\"Cortinas en Puerto Rico - Productos de Interior y Exterior\" \/>\n<meta name=\"twitter:description\" content=\"Explora los productos de Cortinas JF en Puerto Rico: cortinas Black Out, Screen, Roman Shade y m\u00e1s. \u00a1Cotiza tu instalaci\u00f3n hoy mismo!\" \/>\n<meta name=\"twitter:label1\" content=\"Est. reading time\" \/>\n\t<meta name=\"twitter:data1\" content=\"1 minute\" \/>\n<script type=\"application\/ld+json\" class=\"yoast-schema-graph\">{\"@context\":\"https:\/\/schema.org\",\"@graph\":[{\"@type\":\"WebPage\",\"@id\":\"https:\/\/cortinasjfpr.com\/productos\/\",\"url\":\"https:\/\/cortinasjfpr.com\/productos\/\",\"name\":\"Cortinas en Puerto Rico - Productos de Interior y Exterior\",\"isPartOf\":{\"@id\":\"https:\/\/cortinasjfpr.com\/#website\"},\"datePublished\":\"2023-11-18T21:43:08+00:00\",\"dateModified\":\"2025-11-25T16:12:41+00:00\",\"description\":\"Explora los productos de Cortinas JF en Puerto Rico: cortinas Black Out, Screen, Roman Shade y m\u00e1s. \u00a1Cotiza tu instalaci\u00f3n hoy mismo!\",\"breadcrumb\":{\"@id\":\"https:\/\/cortinasjfpr.com\/productos\/#breadcrumb\"},\"inLanguage\":\"en-US\",\"potentialAction\":[{\"@type\":\"ReadAction\",\"target\":[\"https:\/\/cortinasjfpr.com\/productos\/\"]}]},{\"@type\":\"BreadcrumbList\",\"@id\":\"https:\/\/cortinasjfpr.com\/productos\/#breadcrumb\",\"itemListElement\":[{\"@type\":\"ListItem\",\"position\":1,\"name\":\"Home\",\"item\":\"https:\/\/cortinasjfpr.com\/\"},{\"@type\":\"ListItem\",\"position\":2,\"name\":\"Productos\"}]},{\"@type\":\"WebSite\",\"@id\":\"https:\/\/cortinasjfpr.com\/#website\",\"url\":\"https:\/\/cortinasjfpr.com\/\",\"name\":\"Compa\u00f1\u00eda de cortinas en Puerto Rico | Cortinas JF\",\"description\":\"Cortinas JF, dedicados a la fabricaci\u00f3n e instalaci\u00f3n de cortinas, para interior y exterior. Operamos en toda la isla.  Cont\u00e1ctanos  78-79-43-72-66 y pide un estimado completamente gratis.\",\"publisher\":{\"@id\":\"https:\/\/cortinasjfpr.com\/#organization\"},\"potentialAction\":[{\"@type\":\"SearchAction\",\"target\":{\"@type\":\"EntryPoint\",\"urlTemplate\":\"https:\/\/cortinasjfpr.com\/?s={search_term_string}\"},\"query-input\":{\"@type\":\"PropertyValueSpecification\",\"valueRequired\":true,\"valueName\":\"search_term_string\"}}],\"inLanguage\":\"en-US\"},{\"@type\":\"Organization\",\"@id\":\"https:\/\/cortinasjfpr.com\/#organization\",\"name\":\"Compa\u00f1\u00eda de cortinas en Puerto Rico | Cortinas JF\",\"url\":\"https:\/\/cortinasjfpr.com\/\",\"logo\":{\"@type\":\"ImageObject\",\"inLanguage\":\"en-US\",\"@id\":\"https:\/\/cortinasjfpr.com\/#\/schema\/logo\/image\/\",\"url\":\"https:\/\/infomediapr-websites-wp.s3.amazonaws.com\/wp-content\/uploads\/sites\/42\/2024\/11\/19172205\/cc5396_55669bfc24b149539186ca075866d810mv2.jpg\",\"contentUrl\":\"https:\/\/infomediapr-websites-wp.s3.amazonaws.com\/wp-content\/uploads\/sites\/42\/2024\/11\/19172205\/cc5396_55669bfc24b149539186ca075866d810mv2.jpg\",\"width\":600,\"height\":115,\"caption\":\"Compa\u00f1\u00eda de cortinas en Puerto Rico | Cortinas JF\"},\"image\":{\"@id\":\"https:\/\/cortinasjfpr.com\/#\/schema\/logo\/image\/\"}}]}<\/script>\n<!-- \/ Yoast SEO plugin. -->","yoast_head_json":{"title":"Curtains in Puerto Rico \u2013 Indoor and Outdoor Products","description":"Explore Cortinas JF products in Puerto Rico: Blackout, Screen, Roman Shades, and more. Get a quote for your installation today!","robots":{"index":"index","follow":"follow","max-snippet":"max-snippet:-1","max-image-preview":"max-image-preview:large","max-video-preview":"max-video-preview:-1"},"canonical":"https:\/\/cortinasjfpr.com\/en\/products\/","og_locale":"en_US","og_type":"article","og_title":"Cortinas en Puerto Rico - Productos de Interior y Exterior","og_description":"Explora los productos de Cortinas JF en Puerto Rico: cortinas Black Out, Screen, Roman Shade y m\u00e1s. \u00a1Cotiza tu instalaci\u00f3n hoy mismo!","og_url":"https:\/\/cortinasjfpr.com\/en\/products\/","og_site_name":"Compa\u00f1\u00eda de cortinas en Puerto Rico | Cortinas JF","article_modified_time":"2025-11-25T16:12:41+00:00","og_image":[{"width":619,"height":606,"url":"https:\/\/cortinasjfpr.com\/wp-content\/uploads\/2023\/11\/cc5396_fa43dc02e2a948f1bf38ca358f087464mv2-1.png","type":"image\/png"}],"twitter_card":"summary_large_image","twitter_title":"Cortinas en Puerto Rico - Productos de Interior y Exterior","twitter_description":"Explora los productos de Cortinas JF en Puerto Rico: cortinas Black Out, Screen, Roman Shade y m\u00e1s. \u00a1Cotiza tu instalaci\u00f3n hoy mismo!","twitter_misc":{"Est. reading time":"1 minute"},"schema":{"@context":"https:\/\/schema.org","@graph":[{"@type":"WebPage","@id":"https:\/\/cortinasjfpr.com\/productos\/","url":"https:\/\/cortinasjfpr.com\/productos\/","name":"Curtains in Puerto Rico \u2013 Indoor and Outdoor Products","isPartOf":{"@id":"https:\/\/cortinasjfpr.com\/#website"},"datePublished":"2023-11-18T21:43:08+00:00","dateModified":"2025-11-25T16:12:41+00:00","description":"Explore Cortinas JF products in Puerto Rico: Blackout, Screen, Roman Shades, and more. Get a quote for your installation today!","breadcrumb":{"@id":"https:\/\/cortinasjfpr.com\/productos\/#breadcrumb"},"inLanguage":"en-US","potentialAction":[{"@type":"ReadAction","target":["https:\/\/cortinasjfpr.com\/productos\/"]}]},{"@type":"BreadcrumbList","@id":"https:\/\/cortinasjfpr.com\/productos\/#breadcrumb","itemListElement":[{"@type":"ListItem","position":1,"name":"Home","item":"https:\/\/cortinasjfpr.com\/"},{"@type":"ListItem","position":2,"name":"Productos"}]},{"@type":"WebSite","@id":"https:\/\/cortinasjfpr.com\/#website","url":"https:\/\/cortinasjfpr.com\/","name":"Compa\u00f1\u00eda de cortinas en Puerto Rico | Cortinas JF","description":"Cortinas JF, dedicados a la fabricaci\u00f3n e instalaci\u00f3n de cortinas, para interior y exterior. Operamos en toda la isla.  Cont\u00e1ctanos  78-79-43-72-66 y pide un estimado completamente gratis.","publisher":{"@id":"https:\/\/cortinasjfpr.com\/#organization"},"potentialAction":[{"@type":"SearchAction","target":{"@type":"EntryPoint","urlTemplate":"https:\/\/cortinasjfpr.com\/?s={search_term_string}"},"query-input":{"@type":"PropertyValueSpecification","valueRequired":true,"valueName":"search_term_string"}}],"inLanguage":"en-US"},{"@type":"Organization","@id":"https:\/\/cortinasjfpr.com\/#organization","name":"Compa\u00f1\u00eda de cortinas en Puerto Rico | Cortinas JF","url":"https:\/\/cortinasjfpr.com\/","logo":{"@type":"ImageObject","inLanguage":"en-US","@id":"https:\/\/cortinasjfpr.com\/#\/schema\/logo\/image\/","url":"https:\/\/infomediapr-websites-wp.s3.amazonaws.com\/wp-content\/uploads\/sites\/42\/2024\/11\/19172205\/cc5396_55669bfc24b149539186ca075866d810mv2.jpg","contentUrl":"https:\/\/infomediapr-websites-wp.s3.amazonaws.com\/wp-content\/uploads\/sites\/42\/2024\/11\/19172205\/cc5396_55669bfc24b149539186ca075866d810mv2.jpg","width":600,"height":115,"caption":"Compa\u00f1\u00eda de cortinas en Puerto Rico | Cortinas JF"},"image":{"@id":"https:\/\/cortinasjfpr.com\/#\/schema\/logo\/image\/"}}]}},"_links":{"self":[{"href":"https:\/\/cortinasjfpr.com\/en\/wp-json\/wp\/v2\/pages\/139","targetHints":{"allow":["GET"]}}],"collection":[{"href":"https:\/\/cortinasjfpr.com\/en\/wp-json\/wp\/v2\/pages"}],"about":[{"href":"https:\/\/cortinasjfpr.com\/en\/wp-json\/wp\/v2\/types\/page"}],"author":[{"embeddable":true,"href":"https:\/\/cortinasjfpr.com\/en\/wp-json\/wp\/v2\/users\/1"}],"replies":[{"embeddable":true,"href":"https:\/\/cortinasjfpr.com\/en\/wp-json\/wp\/v2\/comments?post=139"}],"version-history":[{"count":12,"href":"https:\/\/cortinasjfpr.com\/en\/wp-json\/wp\/v2\/pages\/139\/revisions"}],"predecessor-version":[{"id":482,"href":"https:\/\/cortinasjfpr.com\/en\/wp-json\/wp\/v2\/pages\/139\/revisions\/482"}],"wp:attachment":[{"href":"https:\/\/cortinasjfpr.com\/en\/wp-json\/wp\/v2\/media?parent=139"}],"curies":[{"name":"wp","href":"https:\/\/api.w.org\/{rel}","templated":true}]}}