{"id":180,"date":"2023-11-18T22:17:48","date_gmt":"2023-11-18T22:17:48","guid":{"rendered":"https:\/\/web8.infopaginaswebhost.com\/cortinasjfpr\/?page_id=180"},"modified":"2025-11-25T16:14:50","modified_gmt":"2025-11-25T16:14:50","slug":"gallery","status":"publish","type":"page","link":"https:\/\/cortinasjfpr.com\/en\/gallery\/","title":{"rendered":"Gallery"},"content":{"rendered":"<div data-elementor-type=\"wp-page\" data-elementor-id=\"180\" class=\"elementor elementor-180\" data-elementor-settings=\"{&quot;ha_cmc_init_switcher&quot;:&quot;no&quot;}\">\n\t\t\t\t<div class=\"elementor-element elementor-element-6c2dfed e-con-full e-flex e-con e-parent\" data-id=\"6c2dfed\" data-element_type=\"container\" data-settings=\"{&quot;background_background&quot;:&quot;classic&quot;,&quot;jet_parallax_layout_list&quot;:[],&quot;_ha_eqh_enable&quot;:false}\">\n\t\t<div class=\"elementor-element elementor-element-f0f8816 e-con-full e-flex e-con e-child\" data-id=\"f0f8816\" data-element_type=\"container\" data-settings=\"{&quot;background_background&quot;:&quot;classic&quot;,&quot;jet_parallax_layout_list&quot;:[],&quot;_ha_eqh_enable&quot;:false}\">\n\t\t\t\t<div class=\"elementor-element elementor-element-2e6e25f elementor-widget elementor-widget-heading\" data-id=\"2e6e25f\" data-element_type=\"widget\" data-widget_type=\"heading.default\">\n\t\t\t\t<div class=\"elementor-widget-container\">\n\t\t\t\t\t<h1 class=\"elementor-heading-title elementor-size-default\">Take care of your favorite <br>spaces <br>with<br> Cortinas JF<\/h1>\t\t\t\t<\/div>\n\t\t\t\t<\/div>\n\t\t\t\t<div class=\"elementor-element elementor-element-680339e elementor-widget elementor-widget-heading\" data-id=\"680339e\" data-element_type=\"widget\" data-widget_type=\"heading.default\">\n\t\t\t\t<div class=\"elementor-widget-container\">\n\t\t\t\t\t<h2 class=\"elementor-heading-title elementor-size-default\">The detail your home needs!\n<\/h2>\t\t\t\t<\/div>\n\t\t\t\t<\/div>\n\t\t\t\t<div class=\"elementor-element elementor-element-28bc3c8 premium-lq__none elementor-widget elementor-widget-premium-addon-button\" data-id=\"28bc3c8\" data-element_type=\"widget\" data-widget_type=\"premium-addon-button.default\">\n\t\t\t\t<div class=\"elementor-widget-container\">\n\t\t\t\t\t\n\n\t\t<a class=\"premium-button premium-button-none premium-btn-lg premium-button-none\" href=\"#catalogo\">\n\t\t\t<div class=\"premium-button-text-icon-wrapper\">\n\t\t\t\t\n\t\t\t\t\t\t\t\t\t<span >\n\t\t\t\t\t\tView Catalog\t\t\t\t\t<\/span>\n\t\t\t\t\t\t\t<\/div>\n\n\t\t\t\n\t\t\t\n\t\t\t\n\t\t<\/a>\n\n\n\t\t\t\t\t\t<\/div>\n\t\t\t\t<\/div>\n\t\t\t\t<\/div>\n\t\t<div class=\"elementor-element elementor-element-2f8aeca e-con-full elementor-hidden-mobile e-flex e-con e-child\" data-id=\"2f8aeca\" data-element_type=\"container\" data-settings=\"{&quot;background_background&quot;:&quot;classic&quot;,&quot;jet_parallax_layout_list&quot;:[],&quot;_ha_eqh_enable&quot;:false}\">\n\t\t\t\t<\/div>\n\t\t\t\t<\/div>\n\t\t<div class=\"elementor-element elementor-element-b908608 e-flex e-con-boxed e-con e-parent\" data-id=\"b908608\" data-element_type=\"container\" data-settings=\"{&quot;background_background&quot;:&quot;classic&quot;,&quot;jet_parallax_layout_list&quot;:[],&quot;_ha_eqh_enable&quot;:false}\">\n\t\t\t\t\t<div class=\"e-con-inner\">\n\t\t\t\t<div class=\"elementor-element elementor-element-924697a elementor-widget elementor-widget-heading\" data-id=\"924697a\" data-element_type=\"widget\" data-widget_type=\"heading.default\">\n\t\t\t\t<div class=\"elementor-widget-container\">\n\t\t\t\t\t<h2 class=\"elementor-heading-title elementor-size-default\">\nAdd protection with<br> a versatile touch!<\/h2>\t\t\t\t<\/div>\n\t\t\t\t<\/div>\n\t\t\t\t\t<\/div>\n\t\t\t\t<\/div>\n\t\t<div class=\"elementor-element elementor-element-4346282 e-flex e-con-boxed e-con e-parent\" data-id=\"4346282\" data-element_type=\"container\" id=\"catalogo\" data-settings=\"{&quot;jet_parallax_layout_list&quot;:[],&quot;_ha_eqh_enable&quot;:false}\">\n\t\t\t\t\t<div class=\"e-con-inner\">\n\t\t\t\t<div class=\"elementor-element elementor-element-dad9384 elementor-arrows-position-inside elementor-widget elementor-widget-image-carousel\" data-id=\"dad9384\" data-element_type=\"widget\" data-settings=\"{&quot;slides_to_show&quot;:&quot;6&quot;,&quot;slides_to_show_tablet&quot;:&quot;4&quot;,&quot;slides_to_show_mobile&quot;:&quot;2&quot;,&quot;slides_to_scroll&quot;:&quot;4&quot;,&quot;navigation&quot;:&quot;arrows&quot;,&quot;autoplay&quot;:&quot;yes&quot;,&quot;pause_on_hover&quot;:&quot;yes&quot;,&quot;pause_on_interaction&quot;:&quot;yes&quot;,&quot;autoplay_speed&quot;:5000,&quot;infinite&quot;:&quot;yes&quot;,&quot;speed&quot;:500}\" data-widget_type=\"image-carousel.default\">\n\t\t\t\t<div class=\"elementor-widget-container\">\n\t\t\t\t\t\t\t<div class=\"elementor-image-carousel-wrapper swiper\" role=\"region\" aria-roledescription=\"carousel\" aria-label=\"Carrusel de im\u00e1genes\" dir=\"ltr\">\n\t\t\t<div class=\"elementor-image-carousel swiper-wrapper\" aria-live=\"off\">\n\t\t\t\t\t\t\t\t<div class=\"swiper-slide\" role=\"group\" aria-roledescription=\"slide\" aria-label=\"1 of 19\"><figure class=\"swiper-slide-inner\"><img decoding=\"async\" class=\"swiper-slide-image\" src=\"https:\/\/infomediapr-websites-wp.s3.amazonaws.com\/wp-content\/uploads\/sites\/42\/2024\/11\/19172211\/cc5396_b5ecd9e2abc840af8434089f5098a560mv2-1-150x150.jpg\" alt=\"cc5396_b5ecd9e2abc840af8434089f5098a560mv2-1\" \/><\/figure><\/div><div class=\"swiper-slide\" role=\"group\" aria-roledescription=\"slide\" aria-label=\"2 of 19\"><figure class=\"swiper-slide-inner\"><img decoding=\"async\" class=\"swiper-slide-image\" src=\"https:\/\/infomediapr-websites-wp.s3.amazonaws.com\/wp-content\/uploads\/sites\/42\/2024\/11\/19172210\/cc5396_a14ada4420834740b6f0a9e92ae2e31fmv2-2-150x150.jpg\" alt=\"cc5396_a14ada4420834740b6f0a9e92ae2e31fmv2-2\" \/><\/figure><\/div><div class=\"swiper-slide\" role=\"group\" aria-roledescription=\"slide\" aria-label=\"3 of 19\"><figure class=\"swiper-slide-inner\"><img decoding=\"async\" class=\"swiper-slide-image\" src=\"https:\/\/infomediapr-websites-wp.s3.amazonaws.com\/wp-content\/uploads\/sites\/42\/2024\/11\/19172206\/cc5396_9308192fd28743e3aebda760c9174579mv2-150x150.webp\" alt=\"cc5396_9308192fd28743e3aebda760c9174579mv2\" \/><\/figure><\/div><div class=\"swiper-slide\" role=\"group\" aria-roledescription=\"slide\" aria-label=\"4 of 19\"><figure class=\"swiper-slide-inner\"><img decoding=\"async\" class=\"swiper-slide-image\" src=\"https:\/\/infomediapr-websites-wp.s3.amazonaws.com\/wp-content\/uploads\/sites\/42\/2024\/11\/19172203\/cc5396_20815e0e1faa48c9a127d8669b8b3676mv2-150x150.jpg\" alt=\"cc5396_20815e0e1faa48c9a127d8669b8b3676mv2\" \/><\/figure><\/div><div class=\"swiper-slide\" role=\"group\" aria-roledescription=\"slide\" aria-label=\"5 of 19\"><figure class=\"swiper-slide-inner\"><img decoding=\"async\" class=\"swiper-slide-image\" src=\"https:\/\/infomediapr-websites-wp.s3.amazonaws.com\/wp-content\/uploads\/sites\/42\/2024\/11\/19172200\/cc5396_999cb94bd22444b3a4db38e73edf42damv2-150x150.jpg\" alt=\"cc5396_999cb94bd22444b3a4db38e73edf42damv2\" \/><\/figure><\/div><div class=\"swiper-slide\" role=\"group\" aria-roledescription=\"slide\" aria-label=\"6 of 19\"><figure class=\"swiper-slide-inner\"><img decoding=\"async\" class=\"swiper-slide-image\" src=\"https:\/\/infomediapr-websites-wp.s3.amazonaws.com\/wp-content\/uploads\/sites\/42\/2024\/11\/19172159\/cc5396_661d029d98ae48f0ac8e82418fc90176mv2-150x150.jpg\" alt=\"cc5396_661d029d98ae48f0ac8e82418fc90176mv2\" \/><\/figure><\/div><div class=\"swiper-slide\" role=\"group\" aria-roledescription=\"slide\" aria-label=\"7 of 19\"><figure class=\"swiper-slide-inner\"><img decoding=\"async\" class=\"swiper-slide-image\" src=\"https:\/\/infomediapr-websites-wp.s3.amazonaws.com\/wp-content\/uploads\/sites\/42\/2024\/11\/19172158\/cc5396_204a4b7e1a074befb86026dbd6c9c55bmv2-150x150.jpg\" alt=\"cc5396_204a4b7e1a074befb86026dbd6c9c55bmv2\" \/><\/figure><\/div><div class=\"swiper-slide\" role=\"group\" aria-roledescription=\"slide\" aria-label=\"8 of 19\"><figure class=\"swiper-slide-inner\"><img decoding=\"async\" class=\"swiper-slide-image\" src=\"https:\/\/infomediapr-websites-wp.s3.amazonaws.com\/wp-content\/uploads\/sites\/42\/2024\/11\/19172156\/cc5396_97ad992611e74d26aed258bdd9a522f5mv2-150x150.jpg\" alt=\"cc5396_97ad992611e74d26aed258bdd9a522f5mv2\" \/><\/figure><\/div><div class=\"swiper-slide\" role=\"group\" aria-roledescription=\"slide\" aria-label=\"9 of 19\"><figure class=\"swiper-slide-inner\"><img decoding=\"async\" class=\"swiper-slide-image\" src=\"https:\/\/infomediapr-websites-wp.s3.amazonaws.com\/wp-content\/uploads\/sites\/42\/2024\/11\/19172155\/cc5396_22e0cf68651b4d7a97027e0af45136b7mv2-150x150.jpg\" alt=\"cc5396_22e0cf68651b4d7a97027e0af45136b7mv2\" \/><\/figure><\/div><div class=\"swiper-slide\" role=\"group\" aria-roledescription=\"slide\" aria-label=\"10 of 19\"><figure class=\"swiper-slide-inner\"><img decoding=\"async\" class=\"swiper-slide-image\" src=\"https:\/\/infomediapr-websites-wp.s3.amazonaws.com\/wp-content\/uploads\/sites\/42\/2024\/11\/19172154\/cc5396_9c65f9db845148378391188bb0012935mv2-1-150x150.jpg\" alt=\"cc5396_9c65f9db845148378391188bb0012935mv2-1\" \/><\/figure><\/div><div class=\"swiper-slide\" role=\"group\" aria-roledescription=\"slide\" aria-label=\"11 of 19\"><figure class=\"swiper-slide-inner\"><img decoding=\"async\" class=\"swiper-slide-image\" src=\"https:\/\/infomediapr-websites-wp.s3.amazonaws.com\/wp-content\/uploads\/sites\/42\/2024\/11\/19172149\/cc5396_9c59a68591d24321a8960cee91bfa4ffmv2-1-150x150.jpg\" alt=\"cc5396_9c59a68591d24321a8960cee91bfa4ffmv2-1\" \/><\/figure><\/div><div class=\"swiper-slide\" role=\"group\" aria-roledescription=\"slide\" aria-label=\"12 of 19\"><figure class=\"swiper-slide-inner\"><img decoding=\"async\" class=\"swiper-slide-image\" src=\"https:\/\/infomediapr-websites-wp.s3.amazonaws.com\/wp-content\/uploads\/sites\/42\/2024\/11\/19172148\/cc5396_9ba3d9ce83144ce88b7b4a9a90ad9547mv2-150x150.webp\" alt=\"cc5396_9ba3d9ce83144ce88b7b4a9a90ad9547mv2\" \/><\/figure><\/div><div class=\"swiper-slide\" role=\"group\" aria-roledescription=\"slide\" aria-label=\"13 of 19\"><figure class=\"swiper-slide-inner\"><img decoding=\"async\" class=\"swiper-slide-image\" src=\"https:\/\/infomediapr-websites-wp.s3.amazonaws.com\/wp-content\/uploads\/sites\/42\/2024\/11\/19172144\/cc5396_06a2cf3b93104c58a069b6524f4cc5d4mv2-150x150.jpg\" alt=\"cc5396_06a2cf3b93104c58a069b6524f4cc5d4mv2\" \/><\/figure><\/div><div class=\"swiper-slide\" role=\"group\" aria-roledescription=\"slide\" aria-label=\"14 of 19\"><figure class=\"swiper-slide-inner\"><img decoding=\"async\" class=\"swiper-slide-image\" src=\"https:\/\/infomediapr-websites-wp.s3.amazonaws.com\/wp-content\/uploads\/sites\/42\/2024\/11\/19172143\/cc5396_5ca5cedc52584570894c2477fc2d74efmv2-150x150.jpg\" alt=\"cc5396_5ca5cedc52584570894c2477fc2d74efmv2\" \/><\/figure><\/div><div class=\"swiper-slide\" role=\"group\" aria-roledescription=\"slide\" aria-label=\"15 of 19\"><figure class=\"swiper-slide-inner\"><img decoding=\"async\" class=\"swiper-slide-image\" src=\"https:\/\/infomediapr-websites-wp.s3.amazonaws.com\/wp-content\/uploads\/sites\/42\/2024\/11\/19172142\/cc5396_1e2bac1da45d48d2a35fe2d26489641amv2-150x150.webp\" alt=\"cc5396_1e2bac1da45d48d2a35fe2d26489641amv2\" \/><\/figure><\/div><div class=\"swiper-slide\" role=\"group\" aria-roledescription=\"slide\" aria-label=\"16 of 19\"><figure class=\"swiper-slide-inner\"><img decoding=\"async\" class=\"swiper-slide-image\" src=\"https:\/\/infomediapr-websites-wp.s3.amazonaws.com\/wp-content\/uploads\/sites\/42\/2024\/11\/19172138\/5b660e_f217e4ff22104ca796daf9ceb5e89a73mv2-1-150x150.jpg\" alt=\"5b660e_f217e4ff22104ca796daf9ceb5e89a73mv2-1\" \/><\/figure><\/div><div class=\"swiper-slide\" role=\"group\" aria-roledescription=\"slide\" aria-label=\"17 of 19\"><figure class=\"swiper-slide-inner\"><img decoding=\"async\" class=\"swiper-slide-image\" src=\"https:\/\/infomediapr-websites-wp.s3.amazonaws.com\/wp-content\/uploads\/sites\/42\/2024\/11\/19172122\/5b660e_3e0f6d9873c944579b9054722ce413cbmv2-1-150x150.jpg\" alt=\"5b660e_3e0f6d9873c944579b9054722ce413cbmv2-1\" \/><\/figure><\/div><div class=\"swiper-slide\" role=\"group\" aria-roledescription=\"slide\" aria-label=\"18 of 19\"><figure class=\"swiper-slide-inner\"><img decoding=\"async\" class=\"swiper-slide-image\" src=\"https:\/\/infomediapr-websites-wp.s3.amazonaws.com\/wp-content\/uploads\/sites\/42\/2024\/11\/19172216\/cc5396_ffadcc628e6042b2823ca4c2b159efefmv2-1-150x150.jpg\" alt=\"cc5396_ffadcc628e6042b2823ca4c2b159efefmv2-1\" \/><\/figure><\/div><div class=\"swiper-slide\" role=\"group\" aria-roledescription=\"slide\" aria-label=\"19 of 19\"><figure class=\"swiper-slide-inner\"><img decoding=\"async\" class=\"swiper-slide-image\" src=\"https:\/\/infomediapr-websites-wp.s3.amazonaws.com\/wp-content\/uploads\/sites\/42\/2024\/11\/19172212\/cc5396_eab35860078941fba91a7650c131e261mv2-150x150.jpg\" alt=\"cc5396_eab35860078941fba91a7650c131e261mv2\" \/><\/figure><\/div>\t\t\t<\/div>\n\t\t\t\t\t\t\t\t\t\t\t\t<div class=\"elementor-swiper-button elementor-swiper-button-prev\" role=\"button\" tabindex=\"0\">\n\t\t\t\t\t\t<svg aria-hidden=\"true\" class=\"e-font-icon-svg e-eicon-chevron-left\" viewbox=\"0 0 1000 1000\" xmlns=\"http:\/\/www.w3.org\/2000\/svg\"><path d=\"M646 125C629 125 613 133 604 142L308 442C296 454 292 471 292 487 292 504 296 521 308 533L604 854C617 867 629 875 646 875 663 875 679 871 692 858 704 846 713 829 713 812 713 796 708 779 692 767L438 487 692 225C700 217 708 204 708 187 708 171 704 154 692 142 675 129 663 125 646 125Z\"><\/path><\/svg>\t\t\t\t\t<\/div>\n\t\t\t\t\t<div class=\"elementor-swiper-button elementor-swiper-button-next\" role=\"button\" tabindex=\"0\">\n\t\t\t\t\t\t<svg aria-hidden=\"true\" class=\"e-font-icon-svg e-eicon-chevron-right\" viewbox=\"0 0 1000 1000\" xmlns=\"http:\/\/www.w3.org\/2000\/svg\"><path d=\"M696 533C708 521 713 504 713 487 713 471 708 454 696 446L400 146C388 133 375 125 354 125 338 125 325 129 313 142 300 154 292 171 292 187 292 204 296 221 308 233L563 492 304 771C292 783 288 800 288 817 288 833 296 850 308 863 321 871 338 875 354 875 371 875 388 867 400 854L696 533Z\"><\/path><\/svg>\t\t\t\t\t<\/div>\n\t\t\t\t\n\t\t\t\t\t\t\t\t\t<\/div>\n\t\t\t\t\t\t<\/div>\n\t\t\t\t<\/div>\n\t\t\t\t\t<\/div>\n\t\t\t\t<\/div>\n\t\t\t\t<\/div>","protected":false},"excerpt":{"rendered":"<p>Cuida de tus espacios favoritos con Cortinas JF \u00a1El detalle que necesita tu hogar! Ver c\u00e1talogo \u00a1Instala protecci\u00f3n con un toque de versatilidad!<\/p>","protected":false},"author":1,"featured_media":0,"parent":0,"menu_order":0,"comment_status":"closed","ping_status":"closed","template":"elementor_header_footer","meta":{"_joinchat":[],"footnotes":""},"class_list":["post-180","page","type-page","status-publish","hentry"],"yoast_head":"<!-- This site is optimized with the Yoast SEO plugin v26.4 - https:\/\/yoast.com\/wordpress\/plugins\/seo\/ -->\n<title>Galer\u00eda de Cortinas en Puerto Rico - Cortinas JF<\/title>\n<meta name=\"description\" content=\"Insp\u00edrate con la galer\u00eda de Cortinas JF en Puerto Rico. Descubre cortinas modernas y vers\u00e1tiles para proteger y decorar tu hogar u oficina.\" \/>\n<meta name=\"robots\" content=\"index, follow, max-snippet:-1, max-image-preview:large, max-video-preview:-1\" \/>\n<link rel=\"canonical\" href=\"https:\/\/cortinasjfpr.com\/en\/gallery\/\" \/>\n<meta property=\"og:locale\" content=\"en_US\" \/>\n<meta property=\"og:type\" content=\"article\" \/>\n<meta property=\"og:title\" content=\"Galer\u00eda de Cortinas en Puerto Rico - Cortinas JF\" \/>\n<meta property=\"og:description\" content=\"Insp\u00edrate con la galer\u00eda de Cortinas JF en Puerto Rico. Descubre cortinas modernas y vers\u00e1tiles para proteger y decorar tu hogar u oficina.\" \/>\n<meta property=\"og:url\" content=\"https:\/\/cortinasjfpr.com\/en\/gallery\/\" \/>\n<meta property=\"og:site_name\" content=\"Compa\u00f1\u00eda de cortinas en Puerto Rico | Cortinas JF\" \/>\n<meta property=\"article:modified_time\" content=\"2025-11-25T16:14:50+00:00\" \/>\n<meta property=\"og:image\" content=\"https:\/\/cortinasjfpr.com\/wp-content\/uploads\/2024\/11\/cc5396_b5ecd9e2abc840af8434089f5098a560mv2-1-150x150.jpg\" \/>\n<meta name=\"twitter:card\" content=\"summary_large_image\" \/>\n<meta name=\"twitter:title\" content=\"Galer\u00eda de Cortinas en Puerto Rico - Cortinas JF\" \/>\n<meta name=\"twitter:description\" content=\"Insp\u00edrate con la galer\u00eda de Cortinas JF en Puerto Rico. Descubre cortinas modernas y vers\u00e1tiles para proteger y decorar tu hogar u oficina.\" \/>\n<meta name=\"twitter:label1\" content=\"Est. reading time\" \/>\n\t<meta name=\"twitter:data1\" content=\"4 minutes\" \/>\n<script type=\"application\/ld+json\" class=\"yoast-schema-graph\">{\"@context\":\"https:\/\/schema.org\",\"@graph\":[{\"@type\":\"WebPage\",\"@id\":\"https:\/\/cortinasjfpr.com\/galeria\/\",\"url\":\"https:\/\/cortinasjfpr.com\/galeria\/\",\"name\":\"Galer\u00eda de Cortinas en Puerto Rico - Cortinas JF\",\"isPartOf\":{\"@id\":\"https:\/\/cortinasjfpr.com\/#website\"},\"primaryImageOfPage\":{\"@id\":\"https:\/\/cortinasjfpr.com\/galeria\/#primaryimage\"},\"image\":{\"@id\":\"https:\/\/cortinasjfpr.com\/galeria\/#primaryimage\"},\"thumbnailUrl\":\"https:\/\/cortinasjfpr.com\/wp-content\/uploads\/2024\/11\/cc5396_b5ecd9e2abc840af8434089f5098a560mv2-1-150x150.jpg\",\"datePublished\":\"2023-11-18T22:17:48+00:00\",\"dateModified\":\"2025-11-25T16:14:50+00:00\",\"description\":\"Insp\u00edrate con la galer\u00eda de Cortinas JF en Puerto Rico. Descubre cortinas modernas y vers\u00e1tiles para proteger y decorar tu hogar u oficina.\",\"breadcrumb\":{\"@id\":\"https:\/\/cortinasjfpr.com\/galeria\/#breadcrumb\"},\"inLanguage\":\"en-US\",\"potentialAction\":[{\"@type\":\"ReadAction\",\"target\":[\"https:\/\/cortinasjfpr.com\/galeria\/\"]}]},{\"@type\":\"ImageObject\",\"inLanguage\":\"en-US\",\"@id\":\"https:\/\/cortinasjfpr.com\/galeria\/#primaryimage\",\"url\":\"https:\/\/cortinasjfpr.com\/wp-content\/uploads\/2024\/11\/cc5396_b5ecd9e2abc840af8434089f5098a560mv2-1-150x150.jpg\",\"contentUrl\":\"https:\/\/cortinasjfpr.com\/wp-content\/uploads\/2024\/11\/cc5396_b5ecd9e2abc840af8434089f5098a560mv2-1-150x150.jpg\"},{\"@type\":\"BreadcrumbList\",\"@id\":\"https:\/\/cortinasjfpr.com\/galeria\/#breadcrumb\",\"itemListElement\":[{\"@type\":\"ListItem\",\"position\":1,\"name\":\"Home\",\"item\":\"https:\/\/cortinasjfpr.com\/\"},{\"@type\":\"ListItem\",\"position\":2,\"name\":\"Galer\u00eda\"}]},{\"@type\":\"WebSite\",\"@id\":\"https:\/\/cortinasjfpr.com\/#website\",\"url\":\"https:\/\/cortinasjfpr.com\/\",\"name\":\"Compa\u00f1\u00eda de cortinas en Puerto Rico | Cortinas JF\",\"description\":\"Cortinas JF, dedicados a la fabricaci\u00f3n e instalaci\u00f3n de cortinas, para interior y exterior. Operamos en toda la isla.  Cont\u00e1ctanos  78-79-43-72-66 y pide un estimado completamente gratis.\",\"publisher\":{\"@id\":\"https:\/\/cortinasjfpr.com\/#organization\"},\"potentialAction\":[{\"@type\":\"SearchAction\",\"target\":{\"@type\":\"EntryPoint\",\"urlTemplate\":\"https:\/\/cortinasjfpr.com\/?s={search_term_string}\"},\"query-input\":{\"@type\":\"PropertyValueSpecification\",\"valueRequired\":true,\"valueName\":\"search_term_string\"}}],\"inLanguage\":\"en-US\"},{\"@type\":\"Organization\",\"@id\":\"https:\/\/cortinasjfpr.com\/#organization\",\"name\":\"Compa\u00f1\u00eda de cortinas en Puerto Rico | Cortinas JF\",\"url\":\"https:\/\/cortinasjfpr.com\/\",\"logo\":{\"@type\":\"ImageObject\",\"inLanguage\":\"en-US\",\"@id\":\"https:\/\/cortinasjfpr.com\/#\/schema\/logo\/image\/\",\"url\":\"https:\/\/infomediapr-websites-wp.s3.amazonaws.com\/wp-content\/uploads\/sites\/42\/2024\/11\/19172205\/cc5396_55669bfc24b149539186ca075866d810mv2.jpg\",\"contentUrl\":\"https:\/\/infomediapr-websites-wp.s3.amazonaws.com\/wp-content\/uploads\/sites\/42\/2024\/11\/19172205\/cc5396_55669bfc24b149539186ca075866d810mv2.jpg\",\"width\":600,\"height\":115,\"caption\":\"Compa\u00f1\u00eda de cortinas en Puerto Rico | Cortinas JF\"},\"image\":{\"@id\":\"https:\/\/cortinasjfpr.com\/#\/schema\/logo\/image\/\"}}]}<\/script>\n<!-- \/ Yoast SEO plugin. -->","yoast_head_json":{"title":"Curtain Gallery in Puerto Rico \u2013 Cortinas JF","description":"Get inspired by the Cortinas JF gallery in Puerto Rico. Discover modern, versatile curtains to protect and decorate your home or office.","robots":{"index":"index","follow":"follow","max-snippet":"max-snippet:-1","max-image-preview":"max-image-preview:large","max-video-preview":"max-video-preview:-1"},"canonical":"https:\/\/cortinasjfpr.com\/en\/gallery\/","og_locale":"en_US","og_type":"article","og_title":"Galer\u00eda de Cortinas en Puerto Rico - Cortinas JF","og_description":"Insp\u00edrate con la galer\u00eda de Cortinas JF en Puerto Rico. Descubre cortinas modernas y vers\u00e1tiles para proteger y decorar tu hogar u oficina.","og_url":"https:\/\/cortinasjfpr.com\/en\/gallery\/","og_site_name":"Compa\u00f1\u00eda de cortinas en Puerto Rico | Cortinas JF","article_modified_time":"2025-11-25T16:14:50+00:00","og_image":[{"url":"https:\/\/cortinasjfpr.com\/wp-content\/uploads\/2024\/11\/cc5396_b5ecd9e2abc840af8434089f5098a560mv2-1-150x150.jpg","type":"","width":"","height":""}],"twitter_card":"summary_large_image","twitter_title":"Galer\u00eda de Cortinas en Puerto Rico - Cortinas JF","twitter_description":"Insp\u00edrate con la galer\u00eda de Cortinas JF en Puerto Rico. Descubre cortinas modernas y vers\u00e1tiles para proteger y decorar tu hogar u oficina.","twitter_misc":{"Est. reading time":"4 minutes"},"schema":{"@context":"https:\/\/schema.org","@graph":[{"@type":"WebPage","@id":"https:\/\/cortinasjfpr.com\/galeria\/","url":"https:\/\/cortinasjfpr.com\/galeria\/","name":"Curtain Gallery in Puerto Rico \u2013 Cortinas JF","isPartOf":{"@id":"https:\/\/cortinasjfpr.com\/#website"},"primaryImageOfPage":{"@id":"https:\/\/cortinasjfpr.com\/galeria\/#primaryimage"},"image":{"@id":"https:\/\/cortinasjfpr.com\/galeria\/#primaryimage"},"thumbnailUrl":"https:\/\/cortinasjfpr.com\/wp-content\/uploads\/2024\/11\/cc5396_b5ecd9e2abc840af8434089f5098a560mv2-1-150x150.jpg","datePublished":"2023-11-18T22:17:48+00:00","dateModified":"2025-11-25T16:14:50+00:00","description":"Get inspired by the Cortinas JF gallery in Puerto Rico. Discover modern, versatile curtains to protect and decorate your home or office.","breadcrumb":{"@id":"https:\/\/cortinasjfpr.com\/galeria\/#breadcrumb"},"inLanguage":"en-US","potentialAction":[{"@type":"ReadAction","target":["https:\/\/cortinasjfpr.com\/galeria\/"]}]},{"@type":"ImageObject","inLanguage":"en-US","@id":"https:\/\/cortinasjfpr.com\/galeria\/#primaryimage","url":"https:\/\/cortinasjfpr.com\/wp-content\/uploads\/2024\/11\/cc5396_b5ecd9e2abc840af8434089f5098a560mv2-1-150x150.jpg","contentUrl":"https:\/\/cortinasjfpr.com\/wp-content\/uploads\/2024\/11\/cc5396_b5ecd9e2abc840af8434089f5098a560mv2-1-150x150.jpg"},{"@type":"BreadcrumbList","@id":"https:\/\/cortinasjfpr.com\/galeria\/#breadcrumb","itemListElement":[{"@type":"ListItem","position":1,"name":"Home","item":"https:\/\/cortinasjfpr.com\/"},{"@type":"ListItem","position":2,"name":"Galer\u00eda"}]},{"@type":"WebSite","@id":"https:\/\/cortinasjfpr.com\/#website","url":"https:\/\/cortinasjfpr.com\/","name":"Compa\u00f1\u00eda de cortinas en Puerto Rico | Cortinas JF","description":"Cortinas JF, dedicados a la fabricaci\u00f3n e instalaci\u00f3n de cortinas, para interior y exterior. Operamos en toda la isla.  Cont\u00e1ctanos  78-79-43-72-66 y pide un estimado completamente gratis.","publisher":{"@id":"https:\/\/cortinasjfpr.com\/#organization"},"potentialAction":[{"@type":"SearchAction","target":{"@type":"EntryPoint","urlTemplate":"https:\/\/cortinasjfpr.com\/?s={search_term_string}"},"query-input":{"@type":"PropertyValueSpecification","valueRequired":true,"valueName":"search_term_string"}}],"inLanguage":"en-US"},{"@type":"Organization","@id":"https:\/\/cortinasjfpr.com\/#organization","name":"Compa\u00f1\u00eda de cortinas en Puerto Rico | Cortinas JF","url":"https:\/\/cortinasjfpr.com\/","logo":{"@type":"ImageObject","inLanguage":"en-US","@id":"https:\/\/cortinasjfpr.com\/#\/schema\/logo\/image\/","url":"https:\/\/infomediapr-websites-wp.s3.amazonaws.com\/wp-content\/uploads\/sites\/42\/2024\/11\/19172205\/cc5396_55669bfc24b149539186ca075866d810mv2.jpg","contentUrl":"https:\/\/infomediapr-websites-wp.s3.amazonaws.com\/wp-content\/uploads\/sites\/42\/2024\/11\/19172205\/cc5396_55669bfc24b149539186ca075866d810mv2.jpg","width":600,"height":115,"caption":"Compa\u00f1\u00eda de cortinas en Puerto Rico | Cortinas JF"},"image":{"@id":"https:\/\/cortinasjfpr.com\/#\/schema\/logo\/image\/"}}]}},"_links":{"self":[{"href":"https:\/\/cortinasjfpr.com\/en\/wp-json\/wp\/v2\/pages\/180","targetHints":{"allow":["GET"]}}],"collection":[{"href":"https:\/\/cortinasjfpr.com\/en\/wp-json\/wp\/v2\/pages"}],"about":[{"href":"https:\/\/cortinasjfpr.com\/en\/wp-json\/wp\/v2\/types\/page"}],"author":[{"embeddable":true,"href":"https:\/\/cortinasjfpr.com\/en\/wp-json\/wp\/v2\/users\/1"}],"replies":[{"embeddable":true,"href":"https:\/\/cortinasjfpr.com\/en\/wp-json\/wp\/v2\/comments?post=180"}],"version-history":[{"count":7,"href":"https:\/\/cortinasjfpr.com\/en\/wp-json\/wp\/v2\/pages\/180\/revisions"}],"predecessor-version":[{"id":491,"href":"https:\/\/cortinasjfpr.com\/en\/wp-json\/wp\/v2\/pages\/180\/revisions\/491"}],"wp:attachment":[{"href":"https:\/\/cortinasjfpr.com\/en\/wp-json\/wp\/v2\/media?parent=180"}],"curies":[{"name":"wp","href":"https:\/\/api.w.org\/{rel}","templated":true}]}}